{"id":99,"date":"2019-01-02T10:49:11","date_gmt":"2019-01-02T15:49:11","guid":{"rendered":"https:\/\/dev.mrctcenter.org\/clinical-trial-competency\/?page_id=99"},"modified":"2024-08-09T20:30:10","modified_gmt":"2024-08-09T20:30:10","slug":"updates","status":"publish","type":"page","link":"https:\/\/dev.mrctcenter.org\/clinical-trial-competency\/news\/updates\/","title":{"rendered":"Updates"},"content":{"rendered":"<section class=\"wpb-content-wrapper\"><p>[vc_row][vc_column][vc_column_text][\/vc_column_text][vc_column_text]<\/p>\n<h4 style=\"text-align: left;\"><strong>August 8, 2024<\/strong><\/h4>\n<p>As part of the JTF&#8217;s continuing effort to globalize the JTF Competency Framework, we have added the Portuguese translation of the JTF Framework.\u00a0 With the support of our global collaborators, we will soon be adding several additional translations of the Framework and the \u201cwheel\u201d to our webpage.<\/p>\n<p><a href=\"https:\/\/dev.mrctcenter.org\/clinical-trial-competency\/framework\/portuguese\/\"><strong>Click here to access the JTF Core Competency Framework in Portuguese.<\/strong><\/a>[\/vc_column_text][vc_separator border_width=&#8221;2&#8243;][vc_empty_space][\/vc_column][\/vc_row][vc_row][vc_column][vc_column_text][\/vc_column_text][vc_column_text]<\/p>\n<h4 style=\"text-align: left;\"><strong>October 20, 2023<\/strong><\/h4>\n<p>As part of the JTF continuing effort to globalize the JTF Competency Framework we have added the Korean translation of the JTF Framework.\u00a0 With the support of our global collaborators, we will soon be adding several additional translations of the Framework and the \u201cwheel\u201d to our webpage.<\/p>\n<p><a href=\"https:\/\/dev.mrctcenter.org\/clinical-trial-competency\/framework\/translations\/korean\/\" target=\"_blank\" rel=\"noopener\"><strong>Click here to access the JTF Core Competency Framework in Korean.<\/strong><\/a>[\/vc_column_text][vc_separator border_width=&#8221;2&#8243;][vc_empty_space][\/vc_column][\/vc_row][vc_row][vc_column][vc_column_text]<\/p>\n<h4 style=\"text-align: left;\"><strong>August 24, 2023<\/strong><\/h4>\n<p>As part of the JTF continuing effort to globalize the JTF Competency Framework we have added the Chinese translation of the JTF Framework.\u00a0 With the support of our global collaborators, we will soon be adding several additional translations of the Framework and the \u201cwheel\u201d to our webpage.<\/p>\n<p><a href=\"https:\/\/dev.mrctcenter.org\/clinical-trial-competency\/framework\/translations\/chinese\/\" target=\"_blank\" rel=\"noopener\"><strong>Click here to access the JTF Core Competency Framework in Chinese.<\/strong><\/a>[\/vc_column_text][vc_separator border_width=&#8221;2&#8243;][vc_empty_space][\/vc_column][\/vc_row][vc_row][vc_column][vc_column_text]<\/p>\n<h4 style=\"text-align: left;\"><strong>May 10, 2023<\/strong><\/h4>\n<p>As part of the JTF continuing effort to globalize the JTF Competency Framework we have added the Vietnamese translation of the JTF Framework.\u00a0 With the support of our global collaborators, we will soon be adding several additional translations of the Framework and the \u201cwheel\u201d to our webpage.<\/p>\n<p><a href=\"https:\/\/dev.mrctcenter.org\/clinical-trial-competency\/framework\/translations\/vietnamese\/\" target=\"_blank\" rel=\"noopener\"><strong>Click here to access the JTF Core Competency Framework in Vietnamese.<\/strong><\/a>[\/vc_column_text][vc_separator border_width=&#8221;2&#8243;][vc_empty_space][\/vc_column][\/vc_row][vc_row][vc_column][vc_column_text]<\/p>\n<h4 style=\"text-align: left;\"><strong>April 10, 2023<\/strong><\/h4>\n<p>As part of the JTF continuing effort to globalize the JTF Competency Framework we have added the Italian translation of the JTF Framework.\u00a0 With the support of our global collaborators, we will soon be adding several additional translations of the Framework and the \u201cwheel\u201d to our webpage.<\/p>\n<p><a href=\"https:\/\/dev.mrctcenter.org\/clinical-trial-competency\/framework\/translations\/italian\/\"><strong>Click here to access the JTF Core Competency Framework in Italian<\/strong><\/a>[\/vc_column_text][vc_separator border_width=&#8221;2&#8243;][vc_empty_space][\/vc_column][\/vc_row][vc_row][vc_column][vc_column_text]<\/p>\n<h4 style=\"text-align: left;\"><strong>February 20, 2023<\/strong><\/h4>\n<p>As part of the JTF continuing effort to globalize the JTF Competency Framework we have added the Bahasa Indonesia translation of the JTF Framework.\u00a0 With the support of our global collaborators, we will soon be adding several additional translations of the Framework and the \u201cwheel\u201d to our webpage.<\/p>\n<p><a href=\"https:\/\/dev.mrctcenter.org\/clinical-trial-competency\/framework\/translations\/bahasa-indonesia\/\"><strong>Click here to access the JTF Core Competency Framework in Bahasa Indonesia<\/strong><\/a>[\/vc_column_text][vc_separator border_width=&#8221;2&#8243;][vc_empty_space][\/vc_column][\/vc_row][vc_row][vc_column][vc_column_text]<\/p>\n<h4 style=\"text-align: left;\"><strong>January 3, 2023<\/strong><\/h4>\n<p>As part of the JTF continuing effort to globalize the JTF Competency Framework we have added the Thai translation of the JTF Framework.\u00a0 With the support of our global collaborators, we will soon be adding several additional translations of the Framework and the \u201cwheel\u201d to our webpage.<\/p>\n<p><a href=\"https:\/\/dev.mrctcenter.org\/clinical-trial-competency\/framework\/translations\/thai\/\"><strong>Click here to access the JTF Core Competency Framework in Thai<\/strong><\/a>[\/vc_column_text][vc_separator border_width=&#8221;2&#8243;][vc_empty_space][\/vc_column][\/vc_row][vc_row][vc_column][vc_column_text]<\/p>\n<h4 style=\"text-align: left;\"><strong>July 8, 2022<\/strong><\/h4>\n<p>As part of the JTF continuing effort to globalize the JTF Competency Framework we have added the French translation of the JTF Framework.\u00a0 With the support of our global collaborators, we will soon be adding several additional translations of the Framework and the \u201cwheel\u201d to our webpage.<\/p>\n<p><strong><a href=\"https:\/\/dev.mrctcenter.org\/clinical-trial-competency\/framework\/translations\/french\/\">Click here to access the JTF Core Competency Framework in French<\/a><\/strong>[\/vc_column_text][vc_separator border_width=&#8221;2&#8243;][\/vc_column][\/vc_row][vc_row][vc_column][vc_empty_space][vc_column_text]<\/p>\n<h4 style=\"text-align: left;\"><strong>February 20, 2020<\/strong><\/h4>\n<p>In 2019, the JTF responded to comments from the clinical research community that the Core Competency Framework should include competencies related to clinical project management as well as recognize the need to integrate technology related enhancements to the competencies required for the conduct of clinical research.\u00a0 Global workgroups were created that developed competencies in these areas.\u00a0 Once vetted by the JTF and stakeholders, version 3.1 was created and posted to the website.<\/p>\n<p><strong><a href=\"https:\/\/dev.mrctcenter.org\/clinical-trial-competency\/wp-content\/uploads\/sites\/4\/2020\/03\/2020-02-20_Version-3.1_JTF-Framework-for-posting.pdf\">Click here to download the Leveled JTF Core Competency Framework &#8211; Version 3.1<\/a><\/strong><\/p>\n<h3 style=\"text-align: center;\"><strong>Members of JTF-Clinical Project Management (CPM) Workgroup<\/strong><\/h3>\n<table width=\"1000\">\n<tbody>\n<tr>\n<td width=\"500\">&nbsp;<\/p>\n<p>Romiya Glover Barry, clinical research professional<br \/>\nBridget Chapital, clinical research professional<br \/>\nMelanie Gentgall, PRAXIS Australia<br \/>\nVishal Goyal, Drugs for Neglected Diseases Initiative<br \/>\nBeth Harper, Clinical Performance Partners, Inc.<br \/>\nMichelle Kelly, Pharmaceutical Product Development<br \/>\nLisa Marsh, clinical research nurse<br \/>\nAntonio Reyna-Salazar, Asociaci\u00f3n de Profesionales Especialistas en Investigaci\u00f3n Cl\u00ednica (APEIC)<br \/>\nCharles Schmidt, Santa Casa Medical School<br \/>\nDenise Snyder, Duke University<br \/>\nAmerica Vega, PPDI<br \/>\nJose Luis Viramontes, APEIC<\/td>\n<td width=\"50\"><\/td>\n<td width=\"450\">&nbsp;<\/p>\n<p><strong>Leadership<\/strong><br \/>\nCarmen Aldinger, MRCT Center<br \/>\nNita Ichhpurani, Phase One Forward (Co-Lead)<br \/>\nLisa Palladino Kim, Rutgers School of Health Professions (Co-Lead)<br \/>\nRoshan Padbidri, Anidan Group Pte Ltd<br \/>\nStephen Sonstein, MRCT Center<br \/>\nSarah White, MRCT Center<\/td>\n<\/tr>\n<\/tbody>\n<\/table>\n<p>[\/vc_column_text][vc_btn title=&#8221;Contact Us&#8221; color=&#8221;primary&#8221; align=&#8221;left&#8221; link=&#8221;url:mailto%3Amrct%40bwh.harvard.edu|||&#8221;][vc_separator border_width=&#8221;2&#8243;][\/vc_column][\/vc_row][vc_row][vc_column][vc_column_text]<\/p>\n<h4 style=\"text-align: left;\"><strong>December 17, 2018<\/strong><\/h4>\n<p>The JTF has expanded the Core Competency Framework to reflect the increase in competency which occurs as clinical research professionals progress in their careers.\u00a0 The Core Competency statements have been further defined at the Basic, Skilled and Advanced levels to facilitate the use of the Framework for role definitions and upward mobility requirements by the global clinical research enterprise.<\/p>\n<p><strong><a href=\"https:\/\/dev.mrctcenter.org\/clinical-trial-competency\/wp-content\/uploads\/sites\/4\/2019\/01\/2018-12-05-Core-Competencies-Leveling-Summary.pdf\">Click here to download the Leveled JTF Core Competency Framework<\/a><\/strong>[\/vc_column_text][vc_btn title=&#8221;Contact Us&#8221; color=&#8221;primary&#8221; align=&#8221;left&#8221; link=&#8221;url:mailto%3Amrct%40bwh.harvard.edu|||&#8221;][vc_separator border_width=&#8221;2&#8243;][\/vc_column][\/vc_row][vc_row][vc_column][vc_column_text][\/vc_column_text][\/vc_column][\/vc_row]<\/p>\n<\/section>","protected":false},"excerpt":{"rendered":"<p>[vc_row][vc_column][vc_column_text][\/vc_column_text][vc_column_text] August 8, 2024 As part of the JTF&#8217;s continuing effort to globalize the JTF Competency Framework, we have added the Portuguese translation of the JTF Framework.\u00a0 With the support of our global collaborators, we will soon be adding several additional translations of the Framework and the \u201cwheel\u201d to our webpage. Click here to access [&hellip;]<\/p>\n","protected":false},"author":5,"featured_media":0,"parent":15,"menu_order":0,"comment_status":"closed","ping_status":"closed","template":"template-sub.php","meta":{"footnotes":""},"class_list":["post-99","page","type-page","status-publish","hentry"],"acf":[],"_links":{"self":[{"href":"https:\/\/dev.mrctcenter.org\/clinical-trial-competency\/wp-json\/wp\/v2\/pages\/99"}],"collection":[{"href":"https:\/\/dev.mrctcenter.org\/clinical-trial-competency\/wp-json\/wp\/v2\/pages"}],"about":[{"href":"https:\/\/dev.mrctcenter.org\/clinical-trial-competency\/wp-json\/wp\/v2\/types\/page"}],"author":[{"embeddable":true,"href":"https:\/\/dev.mrctcenter.org\/clinical-trial-competency\/wp-json\/wp\/v2\/users\/5"}],"replies":[{"embeddable":true,"href":"https:\/\/dev.mrctcenter.org\/clinical-trial-competency\/wp-json\/wp\/v2\/comments?post=99"}],"version-history":[{"count":8,"href":"https:\/\/dev.mrctcenter.org\/clinical-trial-competency\/wp-json\/wp\/v2\/pages\/99\/revisions"}],"predecessor-version":[{"id":2749,"href":"https:\/\/dev.mrctcenter.org\/clinical-trial-competency\/wp-json\/wp\/v2\/pages\/99\/revisions\/2749"}],"up":[{"embeddable":true,"href":"https:\/\/dev.mrctcenter.org\/clinical-trial-competency\/wp-json\/wp\/v2\/pages\/15"}],"wp:attachment":[{"href":"https:\/\/dev.mrctcenter.org\/clinical-trial-competency\/wp-json\/wp\/v2\/media?parent=99"}],"curies":[{"name":"wp","href":"https:\/\/api.w.org\/{rel}","templated":true}]}}