{"id":2716,"date":"2024-08-06T16:51:16","date_gmt":"2024-08-06T16:51:16","guid":{"rendered":"https:\/\/dev.mrctcenter.org\/clinical-trial-competency\/?page_id=2716"},"modified":"2024-09-10T14:28:56","modified_gmt":"2024-09-10T14:28:56","slug":"portuguese","status":"publish","type":"page","link":"https:\/\/dev.mrctcenter.org\/clinical-trial-competency\/framework\/portuguese\/","title":{"rendered":"JTF Competency Framework &#8211; Portuguese"},"content":{"rendered":"<section class=\"wpb-content-wrapper\"><p>[vc_row css=&#8221;.vc_custom_1586364754811{padding-top: -50px !important;}&#8221;][vc_column][vc_empty_space][vc_column_text]<\/p>\n<h2><strong>The Joint Task Force for Clinical Trial Competency (JTF)<\/strong><\/h2>\n<h2><\/h2>\n<p>[\/vc_column_text][\/vc_column][\/vc_row][vc_row][vc_column width=&#8221;1\/2&#8243;][vc_column_text]O Joint Task Force for Clinical Trial Competency (JTF) \u00e9 um grupo de trabalho internacional de investigadores cl\u00ednicos, instrutores e profissionais dedicados em fornecer aos investigadores orienta\u00e7\u00f5es e ferramentas para garantir a compet\u00eancia profissional de todos os membros das equipas de investiga\u00e7\u00e3o. O diagrama de \u201croda\u201d representa o Quadro de Compet\u00eancias da JTF que consiste em 8 Dom\u00ednios de Compet\u00eancias.[\/vc_column_text][vc_column_text]<\/p>\n<h2>Encontre\u00a0<a href=\"https:\/\/dev.mrctcenter.org\/clinical-trial-competency\/framework\/portuguese\/\"><u>aqui<\/u><\/a>\u00a0a lista completa de dom\u00ednios<\/h2>\n<p>[\/vc_column_text][vc_btn title=&#8221;DOWNLOAD&#8221; style=&#8221;outline-custom&#8221; outline_custom_color=&#8221;#1a94b2&#8243; outline_custom_hover_background=&#8221;#9fdcea&#8221; outline_custom_hover_text=&#8221;#1a94b2&#8243; shape=&#8221;square&#8221; align=&#8221;center&#8221; button_block=&#8221;true&#8221; link=&#8221;url:https%3A%2F%2Fdev.mrctcenter.org%2Fclinical-trial-competency%2Fwp-content%2Fuploads%2Fsites%2F4%2F2024%2F08%2FJTF-Portugese-translation.pdf|target:_blank&#8221;][vc_column_text css=&#8221;.vc_custom_1722962845991{margin-top: -20px !important;}&#8221;]<\/p>\n<p style=\"text-align: left\">Download do framework de trabalho da JTF para as compet\u00eancias por n\u00edvel<\/p>\n<p>[\/vc_column_text][\/vc_column][vc_column width=&#8221;1\/2&#8243;][vc_single_image image=&#8221;2710&#8243; img_size=&#8221;1200&#215;1350&#8243; onclick=&#8221;custom_link&#8221; link=&#8221;https:\/\/dev.mrctcenter.org\/clinical-trial-competency\/wp-content\/uploads\/sites\/4\/2024\/08\/JTF-Portugese-translation.pdf&#8221;][\/vc_column][\/vc_row][vc_row][vc_column width=&#8221;1\/4&#8243;][\/vc_column][vc_column width=&#8221;1\/4&#8243; css=&#8221;.vc_custom_1586364331993{padding-left: -20px !important;}&#8221;][\/vc_column][vc_column width=&#8221;1\/4&#8243;][\/vc_column][vc_column width=&#8221;1\/4&#8243;][\/vc_column][\/vc_row]<\/p>\n<\/section>","protected":false},"excerpt":{"rendered":"<p>[vc_row css=&#8221;.vc_custom_1586364754811{padding-top: -50px !important;}&#8221;][vc_column][vc_empty_space][vc_column_text] The Joint Task Force for Clinical Trial Competency (JTF) [\/vc_column_text][\/vc_column][\/vc_row][vc_row][vc_column width=&#8221;1\/2&#8243;][vc_column_text]O Joint Task Force for Clinical Trial Competency (JTF) \u00e9 um grupo de trabalho internacional de investigadores cl\u00ednicos, instrutores e profissionais dedicados em fornecer aos investigadores orienta\u00e7\u00f5es e ferramentas para garantir a compet\u00eancia profissional de todos os membros das equipas de [&hellip;]<\/p>\n","protected":false},"author":10,"featured_media":0,"parent":11,"menu_order":0,"comment_status":"closed","ping_status":"closed","template":"template-sub.php","meta":{"footnotes":""},"class_list":["post-2716","page","type-page","status-publish","hentry"],"acf":[],"_links":{"self":[{"href":"https:\/\/dev.mrctcenter.org\/clinical-trial-competency\/wp-json\/wp\/v2\/pages\/2716"}],"collection":[{"href":"https:\/\/dev.mrctcenter.org\/clinical-trial-competency\/wp-json\/wp\/v2\/pages"}],"about":[{"href":"https:\/\/dev.mrctcenter.org\/clinical-trial-competency\/wp-json\/wp\/v2\/types\/page"}],"author":[{"embeddable":true,"href":"https:\/\/dev.mrctcenter.org\/clinical-trial-competency\/wp-json\/wp\/v2\/users\/10"}],"replies":[{"embeddable":true,"href":"https:\/\/dev.mrctcenter.org\/clinical-trial-competency\/wp-json\/wp\/v2\/comments?post=2716"}],"version-history":[{"count":10,"href":"https:\/\/dev.mrctcenter.org\/clinical-trial-competency\/wp-json\/wp\/v2\/pages\/2716\/revisions"}],"predecessor-version":[{"id":2759,"href":"https:\/\/dev.mrctcenter.org\/clinical-trial-competency\/wp-json\/wp\/v2\/pages\/2716\/revisions\/2759"}],"up":[{"embeddable":true,"href":"https:\/\/dev.mrctcenter.org\/clinical-trial-competency\/wp-json\/wp\/v2\/pages\/11"}],"wp:attachment":[{"href":"https:\/\/dev.mrctcenter.org\/clinical-trial-competency\/wp-json\/wp\/v2\/media?parent=2716"}],"curies":[{"name":"wp","href":"https:\/\/api.w.org\/{rel}","templated":true}]}}