{"id":2208,"date":"2023-05-01T10:44:08","date_gmt":"2023-05-01T14:44:08","guid":{"rendered":"https:\/\/dev.mrctcenter.org\/clinical-trial-competency\/?page_id=2208"},"modified":"2023-05-01T10:44:08","modified_gmt":"2023-05-01T14:44:08","slug":"vietnamese","status":"publish","type":"page","link":"https:\/\/dev.mrctcenter.org\/clinical-trial-competency\/framework\/translations\/vietnamese\/","title":{"rendered":"Vietnamese"},"content":{"rendered":"<section class=\"wpb-content-wrapper\"><p>[vc_row css=&#8221;.vc_custom_1586364754811{padding-top: -50px !important;}&#8221;][vc_column][vc_empty_space][vc_column_text]<\/p>\n<h2><a href=\"https:\/\/dev.mrctcenter.org\/clinical-trial-competency\/wp-content\/uploads\/sites\/4\/2023\/05\/JTF-Framework-in-Vietnamese.pdf\"><strong>Nh\u00f3m C\u00f4ng t\u00e1c chung v\u1ec1 N\u0103ng l\u1ef1c Th\u1eed nghi\u1ec7m L\u00e2m s\u00e0ng (JTF)<\/strong><\/a><\/h2>\n<h2><\/h2>\n<p>[\/vc_column_text][\/vc_column][\/vc_row][vc_row][vc_column width=&#8221;1\/2&#8243;][vc_empty_space][vc_column_text]Nh\u00f3m C\u00f4ng t\u00e1c chung v\u1ec1 N\u0103ng l\u1ef1c Th\u1eed nghi\u1ec7m L\u00e2m s\u00e0ng (JTF) l\u00e0 nh\u00f3m ho\u1ea1t \u0111\u1ed9ng qu\u1ed1c t\u1ebf, bao g\u1ed3m c\u00e1c nghi\u00ean c\u1ee9u vi\u00ean th\u1eed nghi\u1ec7m l\u00e2m s\u00e0ng, gi\u1ea3ng vi\u00ean, nh\u00e0 \u0111\u00e0o t\u1ea1o v\u00e0 c\u00e1c chuy\u00ean gia v\u1edbi mong mu\u1ed1n cung c\u1ea5p cho c\u00e1c nh\u00e0 nghi\u00ean c\u1ee9u h\u01b0\u1edbng \u0111i v\u00e0 c\u00f4ng c\u1ee5 \u0111\u1ea3m b\u1ea3o n\u0103ng l\u1ef1c chuy\u00ean m\u00f4n c\u1ee7a t\u1ea5t c\u1ea3 c\u00e1c th\u00e0nh vi\u00ean trong nh\u00f3m nghi\u00ean c\u1ee9u. Bi\u1ec3u \u0111\u1ed3 \u201cB\u00e1nh xe\u201d \u0111\u1ea1i di\u1ec7n cho Khung n\u0103ng l\u1ef1c Nghi\u00ean c\u1ee9u JTF bao g\u1ed3m 8 l\u0129nh v\u1ef1c.[\/vc_column_text][vc_column_text]<\/p>\n<p style=\"font-weight: 400\">Xem danh s\u00e1ch \u0111\u1ea7y \u0111\u1ee7 c\u00e1c l\u0129nh v\u1ef1c t\u1ea1i <a href=\"https:\/\/dev.mrctcenter.org\/clinical-trial-competency\/wp-content\/uploads\/sites\/4\/2023\/05\/JTF-Framework-in-Vietnamese.pdf\"><u>\u0111\u00e2y<\/u><\/a><\/p>\n<p>[\/vc_column_text][vc_empty_space][vc_btn title=&#8221;T\u1ea2I XU\u1ed0NG&#8221; style=&#8221;outline-custom&#8221; outline_custom_color=&#8221;#1a94b2&#8243; outline_custom_hover_background=&#8221;#9fdcea&#8221; outline_custom_hover_text=&#8221;#1a94b2&#8243; shape=&#8221;square&#8221; align=&#8221;center&#8221; button_block=&#8221;true&#8221; link=&#8221;url:https%3A%2F%2Fdev.mrctcenter.org%2Fclinical-trial-competency%2Fwp-content%2Fuploads%2Fsites%2F5%2F2023%2F05%2FJTF-Framework-in-Vietnamese.pdf|target:_blank&#8221;][vc_empty_space][vc_column_text css=&#8221;.vc_custom_1682951156054{margin-top: -20px !important;}&#8221;]T\u1ea3i Khung n\u0103ng l\u1ef1c theo m\u1ee9c \u0111\u1ed9 JTF[\/vc_column_text][\/vc_column][vc_column width=&#8221;1\/2&#8243;][vc_single_image image=&#8221;2234&#8243; img_size=&#8221;large&#8221; alignment=&#8221;right&#8221; onclick=&#8221;custom_link&#8221; img_link_target=&#8221;_blank&#8221; link=&#8221;https:\/\/dev.mrctcenter.org\/clinical-trial-competency\/wp-content\/uploads\/sites\/4\/2023\/05\/JTF-Framework-in-Vietnamese.pdf&#8221;][\/vc_column][\/vc_row][vc_row][vc_column width=&#8221;1\/4&#8243;][\/vc_column][vc_column width=&#8221;1\/4&#8243; css=&#8221;.vc_custom_1586364331993{padding-left: -20px !important;}&#8221;][\/vc_column][vc_column width=&#8221;1\/4&#8243;][\/vc_column][vc_column width=&#8221;1\/4&#8243;][\/vc_column][\/vc_row][vc_row][vc_column][\/vc_column][\/vc_row][vc_row][vc_column][\/vc_column][\/vc_row]<\/p>\n<\/section>","protected":false},"excerpt":{"rendered":"<p>[vc_row css=&#8221;.vc_custom_1586364754811{padding-top: -50px !important;}&#8221;][vc_column][vc_empty_space][vc_column_text] Nh\u00f3m C\u00f4ng t\u00e1c chung v\u1ec1 N\u0103ng l\u1ef1c Th\u1eed nghi\u1ec7m L\u00e2m s\u00e0ng (JTF) [\/vc_column_text][\/vc_column][\/vc_row][vc_row][vc_column width=&#8221;1\/2&#8243;][vc_empty_space][vc_column_text]Nh\u00f3m C\u00f4ng t\u00e1c chung v\u1ec1 N\u0103ng l\u1ef1c Th\u1eed nghi\u1ec7m L\u00e2m s\u00e0ng (JTF) l\u00e0 nh\u00f3m ho\u1ea1t \u0111\u1ed9ng qu\u1ed1c t\u1ebf, bao g\u1ed3m c\u00e1c nghi\u00ean c\u1ee9u vi\u00ean th\u1eed nghi\u1ec7m l\u00e2m s\u00e0ng, gi\u1ea3ng vi\u00ean, nh\u00e0 \u0111\u00e0o t\u1ea1o v\u00e0 c\u00e1c chuy\u00ean gia v\u1edbi [&hellip;]<\/p>\n","protected":false},"author":5,"featured_media":0,"parent":563,"menu_order":0,"comment_status":"closed","ping_status":"closed","template":"template-sub.php","meta":{"footnotes":""},"class_list":["post-2208","page","type-page","status-publish","hentry"],"acf":[],"_links":{"self":[{"href":"https:\/\/dev.mrctcenter.org\/clinical-trial-competency\/wp-json\/wp\/v2\/pages\/2208"}],"collection":[{"href":"https:\/\/dev.mrctcenter.org\/clinical-trial-competency\/wp-json\/wp\/v2\/pages"}],"about":[{"href":"https:\/\/dev.mrctcenter.org\/clinical-trial-competency\/wp-json\/wp\/v2\/types\/page"}],"author":[{"embeddable":true,"href":"https:\/\/dev.mrctcenter.org\/clinical-trial-competency\/wp-json\/wp\/v2\/users\/5"}],"replies":[{"embeddable":true,"href":"https:\/\/dev.mrctcenter.org\/clinical-trial-competency\/wp-json\/wp\/v2\/comments?post=2208"}],"version-history":[{"count":0,"href":"https:\/\/dev.mrctcenter.org\/clinical-trial-competency\/wp-json\/wp\/v2\/pages\/2208\/revisions"}],"up":[{"embeddable":true,"href":"https:\/\/dev.mrctcenter.org\/clinical-trial-competency\/wp-json\/wp\/v2\/pages\/563"}],"wp:attachment":[{"href":"https:\/\/dev.mrctcenter.org\/clinical-trial-competency\/wp-json\/wp\/v2\/media?parent=2208"}],"curies":[{"name":"wp","href":"https:\/\/api.w.org\/{rel}","templated":true}]}}